{"id":1160,"date":"2024-02-06T12:22:04","date_gmt":"2024-02-06T11:22:04","guid":{"rendered":"https:\/\/fugitivosroomescape.com\/aviso-legal\/"},"modified":"2024-09-26T10:16:06","modified_gmt":"2024-09-26T08:16:06","slug":"aviso-legal","status":"publish","type":"page","link":"https:\/\/fugitivosroomescape.com\/ca\/aviso-legal\/","title":{"rendered":"Av\u00eds Legal"},"content":{"rendered":"\t\t<div data-elementor-type=\"wp-page\" data-elementor-id=\"1160\" class=\"elementor elementor-1160 elementor-34\">\n\t\t\t\t\t\t<section class=\"elementor-section elementor-top-section elementor-element elementor-element-4f48fce elementor-section-boxed elementor-section-height-default elementor-section-height-default\" data-id=\"4f48fce\" data-element_type=\"section\" data-settings=\"{&quot;background_background&quot;:&quot;classic&quot;}\">\n\t\t\t\t\t\t\t<div class=\"elementor-background-overlay\"><\/div>\n\t\t\t\t\t\t\t<div class=\"elementor-container elementor-column-gap-default\">\n\t\t\t\t\t<div class=\"elementor-column elementor-col-100 elementor-top-column elementor-element elementor-element-611aeff\" data-id=\"611aeff\" data-element_type=\"column\" data-settings=\"{&quot;background_background&quot;:&quot;classic&quot;}\">\n\t\t\t<div class=\"elementor-widget-wrap elementor-element-populated\">\n\t\t\t\t\t\t<div class=\"elementor-element elementor-element-8251515 elementor-widget elementor-widget-heading\" data-id=\"8251515\" data-element_type=\"widget\" data-widget_type=\"heading.default\">\n\t\t\t\t<div class=\"elementor-widget-container\">\n\t\t\t\t\t<h2 class=\"elementor-heading-title elementor-size-default\">Av\u00eds Legal<\/h2>\t\t\t\t<\/div>\n\t\t\t\t<\/div>\n\t\t\t\t\t<\/div>\n\t\t<\/div>\n\t\t\t\t\t<\/div>\n\t\t<\/section>\n\t\t\t\t<section class=\"elementor-section elementor-top-section elementor-element elementor-element-2f175fd elementor-section-content-middle elementor-section-boxed elementor-section-height-default elementor-section-height-default\" data-id=\"2f175fd\" data-element_type=\"section\" data-settings=\"{&quot;background_background&quot;:&quot;classic&quot;}\">\n\t\t\t\t\t\t<div class=\"elementor-container elementor-column-gap-default\">\n\t\t\t\t\t<div class=\"elementor-column elementor-col-100 elementor-top-column elementor-element elementor-element-7034103\" data-id=\"7034103\" data-element_type=\"column\">\n\t\t\t<div class=\"elementor-widget-wrap elementor-element-populated\">\n\t\t\t\t\t\t<div class=\"elementor-element elementor-element-b064b4d elementor-widget elementor-widget-text-editor\" data-id=\"b064b4d\" data-element_type=\"widget\" data-widget_type=\"text-editor.default\">\n\t\t\t\t<div class=\"elementor-widget-container\">\n\t\t\t\t\t\t\t\t\t<h3>Aviso legal y condiciones de uso del sitio web www.fugitivosroomescape.com<\/h3>\n<h4>Informaci\u00f3n general sobre <i>Fugitivos Room Escape (en adelante, el sitio web)<\/i><\/h4>\n<p>De acuerdo con el deber de informaci\u00f3n exigido en la Ley 34\/2002, de 11 de julio, de Servicios de la Sociedad de la Informaci\u00f3n y Comercio Electr\u00f3nico, se detallan a continuaci\u00f3n los datos de informaci\u00f3n general del sitio web:<br \/>El sitio web y su contenido son propiedad de David Guerrero Navas, con D.N.I. 43.540.255-J, con domicilio en PASAJE POSOLTEGA, LOCAL 11, C.P. 08030 de Barcelona capital.<br \/>Pueden ponerse en contacto con nosotros en el domicilio rese\u00f1ado, llamando al tel\u00e9fono <em>663762802<\/em> (de <i>lunes<\/i> a <i>domingo<\/i> en horario de <i>10:00h a 21:00h<\/i>), enviando un correo electr\u00f3nico a     <i>info@fugitivosroomescape.com<\/i><\/p>\n<h4>T\u00e9rminos y condiciones de uso<\/h4>\n<p>El acceso y utilizaci\u00f3n de este sitio web atribuye al visitante la condici\u00f3n de usuario. Ello supone que el usuario acepta las condiciones de uso vigentes en cada momento y se compromete a hacer un uso adecuado de los contenidos del sitio web y a observar y cumplir rigurosamente cuanto se disponga en este aviso y en las normas que sean de aplicaci\u00f3n. <\/p>\n<p>Asimismo, el usuario se compromete a:<\/p>\n<p>1) Suministrar informaci\u00f3n veraz sobre los datos de registro y a mantenerlos actualizados;<br \/>2) No difundir contenidos contrarios a la ley o a la dignidad de la persona; que sean discriminatorios por raz\u00f3n de nacimiento, raza, sexo, religi\u00f3n, opini\u00f3n o cualquier otra condici\u00f3n o circunstancia personal o social; o que, de cualquier modo, sean contrarios a la ley y al orden p\u00fablico;<br \/>3) cualesquiera otros que, a juicio de <i>Fugitivos Room Escape<\/i>, sean inadecuados para su publicaci\u00f3n.<\/p>\n<p><i>Fugitivos Room Escape<\/i> se reserva el derecho a efectuar las modificaciones que estime convenientes, a\u00f1adiendo, cambiando o eliminando contenidos o servicios prestados a trav\u00e9s del sitio web; as\u00ed como el de retirar cualquier aportaci\u00f3n o comentario que contravenga las reglas descritas anteriormente.<br \/><i>Fugitivos Room Escape<\/i> no se har\u00e1 responsable en ning\u00fan caso de las opiniones vertidas por el usuario a trav\u00e9s de las herramientas de participaci\u00f3n ofrecidas por el sitio web y\/o RRSS.<br \/>El sitio web requiere que el usuario se inscriba, registre datos personales o rellene formularios<br \/>El sitio web ofrece espacios para recibir y responder comentarios u otro sistema para la interacci\u00f3n de los usuarios.<br \/>El acceso al sitio web es libre y gratuito para el usuario en todas sus partes, contenidos, etc.<br \/>El usuario declara, bajo su responsabilidad, ser mayor de edad y disponer de la capacidad suficiente para vincularse a las presentes condiciones.<br \/>Este sitio web podr\u00eda contener enlaces a sitios de terceros. Estos sitios cuentan con sus propias pol\u00edticas de privacidad que le instamos a revisar.<br \/>Si alguno de los productos o servicios fuera dirigido a menores de 14 a\u00f1os, <i>Fugitivos Room Escape<\/i> no recopilar\u00e1 datos personales del menor a menos que lo permitan las leyes vigentes y tenga el consentimiento expreso de sus padres o tutores legales. <\/p>\n<h4>Pol\u00edtica de privacidad y protecci\u00f3n de datos<\/h4>\n<p>En cumplimiento de lo dispuesto por el Reglamento 2016\/679, del Parlamento Europeo y del Consejo, de 27 de abril de 2016, <i>Fugitivos Room Escape<\/i> como responsable del sitio web, informa a todos los usuarios que faciliten o vayan a facilitar sus datos personales, que estos ser\u00e1n objeto de tratamiento que se haya registrado entre las actividades de tratamiento de <i>Fugitivos Room Escape<\/i>, conforme a lo previsto en el art\u00edculo 30 del RGPD.<br \/>El titular del sitio web es <i>Fugitivos Room Escape<\/i> cuyos datos identificativos y registrales encabezan este aviso legal. <i>Fugitivos Room Escape<\/i>, a trav\u00e9s de los formularios que pone a disposici\u00f3n del usuario, puede recopilar la informaci\u00f3n personal que se detallar\u00e1 a continuaci\u00f3n con la finalidad de adecuar nuestras ofertas comerciales a sus peticiones para poder ofrecerle un servicio m\u00e1s personalizado y eficaz: nombre y apellidos, sexo, fecha de nacimiento, direcci\u00f3n postal y de correo electr\u00f3nico, n\u00famero de tel\u00e9fono, tarjeta bancaria y n\u00famero de cuenta. <br \/>El usuario proporciona la informaci\u00f3n solicitada voluntariamente. La negativa a suministrarla tiene, como \u00fanica consecuencia para el usuario, no recibir informaci\u00f3n ajustada a sus preferencias ni los servicios que ofrece el sitio web. <\/p>\n<p>Al marcar la casilla correspondiente, el usuario acepta expresamente y de forma libre, que sus datos personales sean tratados por <i>Fugitivos Room Escape<\/i> con los siguientes fines:<\/p>\n<p>&#8211; Ofrecerle la mejor experiencia de (navegaci\u00f3n, compra, etc.)<br \/>&#8211; Contactar con el usuario en caso de que se produzca cualquier incidencia en el servicio contratado.<br \/>&#8211; Atender las consultas del usuario.<br \/>&#8211; Enviar al usuario comunicaciones comerciales.<\/p>\n<p><i>Fugitivos Room Escape<\/i>, en cuanto responsable del fichero y del tratamiento de los datos de car\u00e1cter personal, est\u00e1 obligada a guardar secreto profesional respecto de todos ellos as\u00ed como a guardarlos, obligaciones que subsistir\u00e1n aun despu\u00e9s de finalizar las relaciones del usuario con <i>Fugitivos Room Escape<\/i>.<br \/><i>Fugitivos Room Escape<\/i> garantiza en todo momento al usuario el ejercicio de sus derechos de acceso, rectificaci\u00f3n, limitaci\u00f3n, supresi\u00f3n, cancelaci\u00f3n, portabilidad y oposici\u00f3n sobre los datos personales facilitados, dirigi\u00e9ndose por escrito a <i>Fugitivos Room, Passatge Posoltega, local 11, 08030, Barcelona<\/i>, o a trav\u00e9s de la direcci\u00f3n de correo electr\u00f3nico info@fugitivosroomescape.com En la pr\u00e1ctica de los servicios que prestamos, hacemos uso de la herramienta AION perteneciente a la compa\u00f1\u00eda PRO ESCAPE.<\/p>\n<h4>Pol\u00edtica de cookies<\/h4>\n<h5>1. Definici\u00f3n y funci\u00f3n de las cookies<\/h5>\n<p><i><u>\u00bfQu\u00e9 son las cookies?<\/u><\/i><br \/>Una cookie es un archivo que se descarga en su ordenador al acceder a determinadas p\u00e1ginas web. Las cookies permiten a una p\u00e1gina web, entre otras cosas, almacenar y recuperar informaci\u00f3n sobre los h\u00e1bitos de navegaci\u00f3n de un usuario o de su equipo y, dependiendo de la informaci\u00f3n que contengan y de la forma en que utilice su equipo, se pueden utilizar para reconocer el usuario. <\/p>\n<h5>2. \u00bfQu\u00e9 tipos de cookies utiliza esta p\u00e1gina web?<\/h5>\n<p><i><u>Cookies t\u00e9cnicas y de personalizaci\u00f3n<\/u><\/i>: necesarias o convenientes para la prestaci\u00f3n de determinados servicios. Las primeras permiten al usuario la navegaci\u00f3n a trav\u00e9s de la p\u00e1gina web y la utilizaci\u00f3n de los diferentes servicios que hay, y las segundas permiten acceder al usuario al servicio con algunas caracter\u00edsticas de car\u00e1cter general predefinidas.<br \/>Se utilizan cookies para el idioma, para el gestor de contenidos y el mantenimiento de sesi\u00f3n cuando es necesario. Si se desactivan estas cookies podr\u00eda no recibir correctamente los contenidos del sitio web.  <br \/><i><u>Cookies anal\u00edticas<\/u><\/i>: ya sea porque son tratadas por nosotros o por terceros, permiten hacer el seguimiento y an\u00e1lisis estad\u00edstico del comportamiento del conjunto de los usuarios. Si se desactivan estas cookies, el sitio web podr\u00e1 seguir funcionando, sin perjuicio de que la informaci\u00f3n captada por estas cookies sobre el uso de nuestra web y sobre su contenido permite mejorar nuestros servicios. <br \/><i><u>Cookies de redes sociales externas<\/u><\/i>: que se utilizan para que los visitantes puedan interactuar con el contenido de diferentes plataformas sociales.<\/p>\n<h5>3. Forma de desactivar o eliminar las cookies<\/h5>\n<p>Usted puede permitir, bloquear o eliminar las cookies instaladas en su equipo mediante la configuraci\u00f3n de las opciones del navegador en su ordenador.<br \/>&#8211; <a href=\"https:\/\/support.microsoft.com\/es-es\/help\/17442\/windows-internet-explorer-delete-manage-cookies\" target=\"_blank\" rel=\"noopener\">Configuraci\u00f3n per a Internet Explorer<\/a><br \/>&#8211; <a href=\"https:\/\/support.mozilla.org\/es\/kb\/habilitar-y-deshabilitar-cookies-sitios-web-rastrear-preferencias?redirectlocale=es&amp;redirectslug=habilitar-y-deshabilitar-cookies-que-los-sitios-we\" target=\"_blank\" rel=\"noopener\">Configuraci\u00f3n per a Mozilla Firefox<\/a><br \/>&#8211; <a href=\"https:\/\/support.google.com\/chrome\/answer\/95647?hl=es\" target=\"_blank\" rel=\"noopener\">Configuraci\u00f3n per a Google Chrome<\/a><br \/>&#8211; <a href=\"https:\/\/support.apple.com\/es-es\/HT201265\" target=\"_blank\" rel=\"noopener\">Configuraci\u00f3n per a Safari<\/a><\/p>\n<p>En caso de que no acepte las cookies es posible que la p\u00e1gina web no funcione correctamente.<\/p>\n<h5>4. Informaci\u00f3n sobre la identificaci\u00f3n de quien utiliza las cookies<\/h5>\n<p>La informaci\u00f3n obtenida por las cookies es tratada por <i>Fugitivos Room Escape<\/i> en que se ha contratado la prestaci\u00f3n del servicio de anal\u00edtica con Google Analytics donde siguiendo el <a href=\"https:\/\/www.google.com\/analytics\/terms\/es.html\" target=\"_blank\" rel=\"noopener\">link<\/a> podr\u00e1 acceder a sus condiciones legales.<br \/>Tambi\u00e9n puede que haya complementos de otros proveedores en que siguiendo los siguientes v\u00ednculos podr\u00e1 comprobar las condiciones legales respecto a las cookies de cada uno de ellos:<br \/>&#8211; <a href=\"https:\/\/www.facebook.com\/policies\/cookies\/\" target=\"_blank\" rel=\"noopener\">Facebook<\/a><br \/>&#8211; <a href=\"https:\/\/help.twitter.com\/es\/rules-and-policies\/twitter-cookies\" target=\"_blank\" rel=\"noopener\">Twitter<\/a><br \/>&#8211; <a href=\"https:\/\/instagram.com\/legal\/cookies\/\" target=\"_blank\" rel=\"noopener\">Instagram<\/a><br \/>&#8211; <a href=\"https:\/\/policies.google.com\/privacy?hl=es&amp;gl=es\" target=\"_blank\" rel=\"noopener\">Youtube<\/a><\/p>\n<h5>5. Actualizaci\u00f3n de la pol\u00edtica de cookies<\/h5>\n<p>Es posible que por nuevas interpretaciones realizadas por el organismo regulador competente, jueces o tribunales, esta pol\u00edtica de cookies pueda sufrir alguna modificaci\u00f3n por lo que se ruega al usuario que compruebe de forma regular su contenido.<br \/>Igualmente, el sitio web garantiza expresamente a los usuarios que sus datos personales no ser\u00e1n cedidos en ning\u00fan caso a terceros sin solicitud de previo consentimiento expreso, informado e inequ\u00edvoco, para la cesi\u00f3n concreta.<br \/>Sin embargo, el sitio web podr\u00e1 revelar a la autoridad p\u00fablica competente los datos personales, as\u00ed como cualquier otra informaci\u00f3n que est\u00e9 en su poder a trav\u00e9s de sus sistemas inform\u00e1ticos, previo requerimiento, de conformidad con las disposiciones legales aplicables, as\u00ed como que podr\u00e1 revelar a terceros los datos estrictamente necesarios por obligaci\u00f3n contractual.<\/p>\n<h4>Pol\u00edtica de enlaces<\/h4>\n<p>El sitio web puede contener enlaces a otros sitios web con pol\u00edticas de privacidad diferentes a la de \u00e9ste. <i>Fugitivos Room Escape<\/i> no se hace responsable del contenido o pr\u00e1cticas de los sitios enlazados y se recomienda al usuario la lectura detallada de la pol\u00edtica de privacidad de cualquier sitio web al que acceda desde \u00e9ste.<\/p>\n<h4>Propiedad intelectual e industrial<\/h4>\n<p>Este sitio web es propiedad de David Guerrero Navas.<br \/>La denominaci\u00f3n, el dise\u00f1o y los logotipos que componen este sitio web son marcas debidamente registradas. Su uso indebido podr\u00e1 ser perseguido de conformidad con la legislaci\u00f3n vigente.<br \/>Los derechos de propiedad intelectual y marcas de terceros est\u00e1n destacados y el usuario debe respetarlos, en cualquier caso.<br \/>Queda prohibido reproducir, comunicar p\u00fablicamente, distribuir, ceder o transmitir, modificar o suprimir la informaci\u00f3n, contenido u advertencias del sitio web, salvo autorizaci\u00f3n previa, expresa y escrita de <i>Fugitivos Room Escape<\/i>. <\/p>\n<h4>Condiciones Generales Reservas<\/h4>\n<p>Al realizar su reserva en www.fugitivosroomescape.com est\u00e1 aceptando las siguientes condiciones. Deben leerse cuidadosamente antes de ser aceptadas. <\/p>\n<h4>Reservas y Pagos<\/h4>\n<p>\u2013 Las reservas deben realizarse online en la web Fugitivos, salvo excepci\u00f3n donde la reserva sea inferior a 24 horas de antelaci\u00f3n, en ese caso, el usuario deber\u00e1 ponerse en contacto con Fugitivos a trav\u00e9s de correo electr\u00f3nico o tel\u00e9fono para verificar la disponibilidad de sesiones.<br \/>\u2013 El usuario se compromete a introducir datos verdaderos y exactos al efectuar una reserva de actividad.<br \/>-Fugitivos acepta pagos mediante tarjeta de cr\u00e9dito, d\u00e9bito (Visa, Visa Electr\u00f3n, Mastercard) o bien, en efectivo, en el mismo local el d\u00eda de la reserva.<br \/>-Una vez el pago sea recibido y notificado oficialmente por nuestra entidad bancaria, el cliente recibir\u00e1 un e-mail de confirmaci\u00f3n de reserva y pago.<br \/>\u2013 Los precios v\u00e1lidos se pueden consultar en el formulario de reserva.<br \/>\u2013 Fugitivos se reserva el derecho de modificar los precios vigentes y de realizar promociones puntuales sin que estos cambios o promociones tengan efectos retroactivos a las sesiones efectuadas y\/o reservadas con anterioridad.<br \/>\u2013 Si se presentan m\u00e1s personas de las que constan en la reserva (sin superar el m\u00e1ximo permitido) el extra se deber\u00e1 pagar en el propio local.<br \/>\u2013 Si el equipo llega tarde, se descontar\u00e1 el retraso del tiempo de juego y\/o la reserva no se podr\u00e1 cambiar.<br \/>\u2013 Una vez efectuada la reserva, esta es definitiva. No se permiten cambios ni cancelaciones. Excepcionalmente se permiten dos reasignaciones gratu\u00eftas siempre y cuando se notifique con 48 horas de antelaci\u00f3n a la reserva realizada (d\u00eda y hora) y exclusivamente pondr\u00e1 realizarse por tel\u00e9fono. A partir de la tercera reasignaci\u00f3n supondr\u00e1 un coste de 30\u20ac.   <br \/>\u2013 No se proporcionar\u00e1 ning\u00fan reembolso en caso de cancelar la reserva o de no presentarse.<br \/>\u2013 Fuerza Mayor. Fugitivos no se hace responsable de los retrasos o las obstrucciones que causan retraso de su llegada ya sea causado por el mal tiempo, huelgas, protestas, inundaciones, atascos de tr\u00e1fico, disturbios civiles o cualquier otra raz\u00f3n. Es \u00fanica y exclusivamente responsabilidad del cliente llegar a tiempo de acuerdo a su reserva.  <br \/>-El Bono Regalo tiene fecha de caducidad de un a\u00f1o y responde a estas Condiciones Generales.<br \/>-La duraci\u00f3n m\u00e1xima del juego es de 80 minutos, no es posible exceder este tiempo.<\/p>\n<h4>Uso de las instalaciones<\/h4>\n<p>\u2013 Salvo ning\u00fan concepto, la partida room escape superar\u00e1 el aforo de 10 jugadores.<\/p>\n<p>\u2013 Cada jugador ser\u00e1 instruido antes del juego por su Game Master o gu\u00eda de juego y se hace responsable de escuchar y entender las reglas del juego y participar\u00e1 en el juego bajo su propio riesgo. Adem\u00e1s, Fugitivos no se hace responsable de los da\u00f1os (personales o de equipo) causados por el mal uso de la sala de juegos o por no seguir las reglas descritas antes de la partida. No obstante, Fugitivos dispone de un seguro de responsabilidad civil para asegurar cualquier accidente producto en sus instalaciones.  <br \/>\u2013 Siempre que el Game Master sospeche que una o m\u00e1s personas del grupo se encuentran bajo la influencia del alcohol o de drogas el grupo puede ser rechazado y el juego se cancela, no teniendo derecho a abono alguno o cambio de fecha. Fugitivos se reserva el derecho de admisi\u00f3n. <br \/>\u2013 No se permite la entrada de bebidas ni alimentos.<br \/>\u2013 El incumplimiento de las instrucciones, el mal uso de las instalaciones, grabar o fotografiar el interior del local supondr\u00e1n la expulsi\u00f3n de los participantes de forma inmediata, perdiendo as\u00ed el derecho a continuar jugando y la reclamaci\u00f3n de cualquier tipo de devoluci\u00f3n y\/o de indemnizaci\u00f3n.<br \/>\u2013 Cualquier menor de 16 a\u00f1os debe ir acompa\u00f1ado por al menos un adulto en todo momento, pero no es necesario que \u00e9ste juegue con ellos.<br \/>\u2013 Se recomienda a los jugadores usar ropa c\u00f3moda para el juego. Tendr\u00e1n a su disposici\u00f3n un lugar seguro donde deber\u00e1n depositar todas sus pertenencias incluidos los tel\u00e9fonos m\u00f3viles. <br \/>-En caso de fallo t\u00e9cnico, imprevisto de fuerza mayor o indisposici\u00f3n del trabajador que impidan el desarrollo de la actividad, Fugitivos se ver\u00e1 obligado a suspenderla. El consumidor ser\u00e1 avisado mediante e-mail y tel\u00e9fono indicados en su reserva con la mayor antelaci\u00f3n posible. En caso de que las complicaciones extraordinarias explicadas anteriormente se produzcan durante una partida en curso, los jugadores podr\u00e1n reanudar su juego otro d\u00eda a su elecci\u00f3n (seg\u00fan disponibilidad) sin coste extra alguno.  <\/p>\n<h4>Protecci\u00f3n de datos<\/h4>\n<p>\u2013 Fugitivos ha tomado y seguir\u00e1 tomando todas las medidas pertinentes para proteger la seguridad de los pagos y la informaci\u00f3n de su tarjeta de d\u00e9bito \/ cr\u00e9dito, sus datos bancarios nunca pasan por nuestro servidor y son gestionados \u00fanicamente por el servidor de Redsys, pasarela de pago online de la Caixa.<br \/>\u2013 Los logotipos de este sitio web pertenecen a <i>Fugitivos Room Escape<\/i> y su uso sin consentimiento previo queda totalmente prohibido. Se proh\u00edbe el uso o reproducci\u00f3n de cualquier tipo. <br \/>\u2013 La p\u00e1gina web www.fugitivosroomescape.com es propiedad de Fugitivos. La empresa se reserva el derecho de modificar o variar estos t\u00e9rminos y condiciones, incluyendo cualquiera de los contenidos del sitio web sin previo aviso. <br \/>\u2013 Los jugadores aceptan los t\u00e9rminos y condiciones y se comprometen a no divulgar el contenido del juego\/recepci\u00f3n.<br \/>-Fugitivos se reserva el derecho a pedir por escrito los derechos de imagen a los usuarios, de aquellas im\u00e1genes que se hayan tomado dentro de sus instalaciones (photocall). Se usar\u00e1n dichas im\u00e1genes para colgarlas en la web, redes sociales y uso promocional. <br \/>\u2013 Estos t\u00e9rminos y condiciones se regir\u00e1n por la legislaci\u00f3n de Espa\u00f1a y todas las disputas ser\u00e1n sometidas a la jurisdicci\u00f3n exclusiva de los tribunales espa\u00f1oles.<\/p>\n\t\t\t\t\t\t\t\t<\/div>\n\t\t\t\t<\/div>\n\t\t\t\t\t<\/div>\n\t\t<\/div>\n\t\t\t\t\t<\/div>\n\t\t<\/section>\n\t\t\t\t<\/div>\n\t\t","protected":false},"excerpt":{"rendered":"<p>Av\u00eds Legal Aviso legal y condiciones de uso del sitio web www.fugitivosroomescape.com Informaci\u00f3n general sobre Fugitivos Room Escape (en adelante, el sitio web) De acuerdo con el deber de informaci\u00f3n exigido en la Ley 34\/2002, de 11 de julio, de Servicios de la Sociedad de la Informaci\u00f3n y Comercio Electr\u00f3nico, se detallan a continuaci\u00f3n los [&hellip;]<\/p>\n","protected":false},"author":1,"featured_media":0,"parent":0,"menu_order":0,"comment_status":"closed","ping_status":"closed","template":"elementor_header_footer","meta":{"footnotes":""},"class_list":["post-1160","page","type-page","status-publish","hentry"],"_links":{"self":[{"href":"https:\/\/fugitivosroomescape.com\/ca\/wp-json\/wp\/v2\/pages\/1160","targetHints":{"allow":["GET"]}}],"collection":[{"href":"https:\/\/fugitivosroomescape.com\/ca\/wp-json\/wp\/v2\/pages"}],"about":[{"href":"https:\/\/fugitivosroomescape.com\/ca\/wp-json\/wp\/v2\/types\/page"}],"author":[{"embeddable":true,"href":"https:\/\/fugitivosroomescape.com\/ca\/wp-json\/wp\/v2\/users\/1"}],"replies":[{"embeddable":true,"href":"https:\/\/fugitivosroomescape.com\/ca\/wp-json\/wp\/v2\/comments?post=1160"}],"version-history":[{"count":3,"href":"https:\/\/fugitivosroomescape.com\/ca\/wp-json\/wp\/v2\/pages\/1160\/revisions"}],"predecessor-version":[{"id":1262,"href":"https:\/\/fugitivosroomescape.com\/ca\/wp-json\/wp\/v2\/pages\/1160\/revisions\/1262"}],"wp:attachment":[{"href":"https:\/\/fugitivosroomescape.com\/ca\/wp-json\/wp\/v2\/media?parent=1160"}],"curies":[{"name":"wp","href":"https:\/\/api.w.org\/{rel}","templated":true}]}}