{"id":1170,"date":"2024-02-06T12:20:51","date_gmt":"2024-02-06T11:20:51","guid":{"rendered":"https:\/\/fugitivosroomescape.com\/bono-regal\/"},"modified":"2024-09-26T10:24:39","modified_gmt":"2024-09-26T08:24:39","slug":"bono-regal","status":"publish","type":"page","link":"https:\/\/fugitivosroomescape.com\/ca\/bono-regal\/","title":{"rendered":"Bo Regal"},"content":{"rendered":"<style>.elementor-1170 .elementor-element.elementor-element-1a51bcd > .elementor-container{max-width:500px;}.elementor-1170 .elementor-element.elementor-element-1a51bcd:not(.elementor-motion-effects-element-type-background), .elementor-1170 .elementor-element.elementor-element-1a51bcd > .elementor-motion-effects-container > .elementor-motion-effects-layer{background-image:url(\"https:\/\/fugitivosroomescape.com\/wp-content\/uploads\/2024\/02\/bg-32.jpg\");background-position:top center;background-repeat:no-repeat;background-size:cover;}.elementor-1170 .elementor-element.elementor-element-1a51bcd > .elementor-background-overlay{background-color:transparent;background-image:linear-gradient(180deg, #010B0080 0%, var( --e-global-color-eb5be0e ) 100%);opacity:1;transition:background 0.3s, border-radius 0.3s, opacity 0.3s;}.elementor-1170 .elementor-element.elementor-element-1a51bcd{transition:background 0.3s, border 0.3s, border-radius 0.3s, box-shadow 0.3s;margin-top:-200px;margin-bottom:0px;padding:300px 0px 150px 0px;}.elementor-1170 .elementor-element.elementor-element-92dc1bd.elementor-column > .elementor-widget-wrap{justify-content:center;}.elementor-1170 .elementor-element.elementor-element-92dc1bd > .elementor-element-populated{transition:background 0.3s, border 0.3s, border-radius 0.3s, box-shadow 0.3s;padding:20px 0px 20px 0px;}.elementor-1170 .elementor-element.elementor-element-92dc1bd > .elementor-element-populated > .elementor-background-overlay{transition:background 0.3s, border-radius 0.3s, opacity 0.3s;}.elementor-1170 .elementor-element.elementor-element-c2c91e9{text-align:center;}.elementor-1170 .elementor-element.elementor-element-c2c91e9 .elementor-heading-title{font-family:var( --e-global-typography-secondary-font-family ), Sans-serif;font-size:var( --e-global-typography-secondary-font-size );font-weight:var( --e-global-typography-secondary-font-weight );text-transform:var( --e-global-typography-secondary-text-transform );letter-spacing:var( --e-global-typography-secondary-letter-spacing );color:#FFFFFF;}.elementor-1170 .elementor-element.elementor-element-c2c91e9 > .elementor-widget-container{margin:0px 0px 0px 0px;}.elementor-1170 .elementor-element.elementor-element-25356c65 > .elementor-container > .elementor-column > .elementor-widget-wrap{align-content:flex-start;align-items:flex-start;}.elementor-1170 .elementor-element.elementor-element-25356c65{transition:background 0.3s, border 0.3s, border-radius 0.3s, box-shadow 0.3s;padding:0px 0px 150px 0px;}.elementor-1170 .elementor-element.elementor-element-25356c65 > .elementor-background-overlay{transition:background 0.3s, border-radius 0.3s, opacity 0.3s;}.elementor-bc-flex-widget .elementor-1170 .elementor-element.elementor-element-7e57bc44.elementor-column .elementor-widget-wrap{align-items:center;}.elementor-1170 .elementor-element.elementor-element-7e57bc44.elementor-column.elementor-element[data-element_type=\"column\"] > .elementor-widget-wrap.elementor-element-populated{align-content:center;align-items:center;}.elementor-1170 .elementor-element.elementor-element-7e57bc44 > .elementor-element-populated{margin:0px 50px 0px 0px;--e-column-margin-right:50px;--e-column-margin-left:0px;}.elementor-1170 .elementor-element.elementor-element-27dbd1c .elementor-heading-title{font-family:var( --e-global-typography-secondary-font-family ), Sans-serif;font-size:var( --e-global-typography-secondary-font-size );font-weight:var( --e-global-typography-secondary-font-weight );text-transform:var( --e-global-typography-secondary-text-transform );letter-spacing:var( --e-global-typography-secondary-letter-spacing );color:#FFFFFF;}.elementor-1170 .elementor-element.elementor-element-27dbd1c{z-index:1;}.elementor-1170 .elementor-element.elementor-element-5799ac57{font-family:var( --e-global-typography-text-font-family ), Sans-serif;font-size:var( --e-global-typography-text-font-size );font-weight:var( --e-global-typography-text-font-weight );color:var( --e-global-color-text );}.elementor-1170 .elementor-element.elementor-element-5799ac57 > .elementor-widget-container{margin:0px 0px 0px 0px;}.elementor-1170 .elementor-element.elementor-element-c629bdf{font-family:var( --e-global-typography-text-font-family ), Sans-serif;font-size:var( --e-global-typography-text-font-size );font-weight:var( --e-global-typography-text-font-weight );color:var( --e-global-color-text );}.elementor-1170 .elementor-element.elementor-element-c629bdf > .elementor-widget-container{margin:0px 0px -15px 0px;}.elementor-1170 .elementor-element.elementor-element-6b1e417e{margin-top:0px;margin-bottom:20px;}.elementor-1170 .elementor-element.elementor-element-3f4df44e .elementor-icon-list-items:not(.elementor-inline-items) .elementor-icon-list-item:not(:last-child){padding-block-end:calc(11px\/2);}.elementor-1170 .elementor-element.elementor-element-3f4df44e .elementor-icon-list-items:not(.elementor-inline-items) .elementor-icon-list-item:not(:first-child){margin-block-start:calc(11px\/2);}.elementor-1170 .elementor-element.elementor-element-3f4df44e .elementor-icon-list-items.elementor-inline-items .elementor-icon-list-item{margin-inline:calc(11px\/2);}.elementor-1170 .elementor-element.elementor-element-3f4df44e .elementor-icon-list-items.elementor-inline-items{margin-inline:calc(-11px\/2);}.elementor-1170 .elementor-element.elementor-element-3f4df44e .elementor-icon-list-items.elementor-inline-items .elementor-icon-list-item:after{inset-inline-end:calc(-11px\/2);}.elementor-1170 .elementor-element.elementor-element-3f4df44e .elementor-icon-list-icon i{color:var( --e-global-color-secondary );transition:color 0.3s;}.elementor-1170 .elementor-element.elementor-element-3f4df44e .elementor-icon-list-icon svg{fill:var( --e-global-color-secondary );transition:fill 0.3s;}.elementor-1170 .elementor-element.elementor-element-3f4df44e{--e-icon-list-icon-size:23px;--icon-vertical-align:flex-start;--icon-vertical-offset:0px;}.elementor-1170 .elementor-element.elementor-element-3f4df44e .elementor-icon-list-icon{padding-inline-end:10px;}.elementor-1170 .elementor-element.elementor-element-3f4df44e .elementor-icon-list-text{color:#FFFFFF;transition:color 0.3s;}.elementor-1170 .elementor-element.elementor-element-2c3d845 img{width:445px;}.elementor-1170 .elementor-element.elementor-element-356096f9.elementor-column > .elementor-widget-wrap{justify-content:flex-end;}@media(min-width:768px){.elementor-1170 .elementor-element.elementor-element-7e57bc44{width:50%;}.elementor-1170 .elementor-element.elementor-element-356096f9{width:50%;}}@media(max-width:1024px){.elementor-1170 .elementor-element.elementor-element-1a51bcd:not(.elementor-motion-effects-element-type-background), .elementor-1170 .elementor-element.elementor-element-1a51bcd > .elementor-motion-effects-container > .elementor-motion-effects-layer{background-position:center center;}.elementor-1170 .elementor-element.elementor-element-1a51bcd{padding:250px 0px 100px 0px;}.elementor-1170 .elementor-element.elementor-element-92dc1bd > .elementor-element-populated{margin:0px 0px 0px 0px;--e-column-margin-right:0px;--e-column-margin-left:0px;}.elementor-1170 .elementor-element.elementor-element-c2c91e9 .elementor-heading-title{font-size:var( --e-global-typography-secondary-font-size );letter-spacing:var( --e-global-typography-secondary-letter-spacing );}.elementor-1170 .elementor-element.elementor-element-25356c65{padding:0px 10px 80px 10px;}.elementor-1170 .elementor-element.elementor-element-7e57bc44 > .elementor-element-populated{margin:0px 0px 0px 0px;--e-column-margin-right:0px;--e-column-margin-left:0px;padding:10px 10px 10px 10px;}.elementor-1170 .elementor-element.elementor-element-27dbd1c{text-align:start;}.elementor-1170 .elementor-element.elementor-element-27dbd1c .elementor-heading-title{font-size:var( --e-global-typography-secondary-font-size );letter-spacing:var( --e-global-typography-secondary-letter-spacing );}.elementor-1170 .elementor-element.elementor-element-5799ac57{text-align:start;font-size:var( --e-global-typography-text-font-size );}.elementor-1170 .elementor-element.elementor-element-c629bdf{text-align:start;font-size:var( --e-global-typography-text-font-size );}}@media(max-width:767px){.elementor-1170 .elementor-element.elementor-element-1a51bcd:not(.elementor-motion-effects-element-type-background), .elementor-1170 .elementor-element.elementor-element-1a51bcd > .elementor-motion-effects-container > .elementor-motion-effects-layer{background-position:center center;}.elementor-1170 .elementor-element.elementor-element-92dc1bd > .elementor-element-populated{margin:0px 20px 0px 20px;--e-column-margin-right:20px;--e-column-margin-left:20px;}.elementor-1170 .elementor-element.elementor-element-c2c91e9 .elementor-heading-title{font-size:var( --e-global-typography-secondary-font-size );letter-spacing:var( --e-global-typography-secondary-letter-spacing );}.elementor-1170 .elementor-element.elementor-element-c2c91e9 > .elementor-widget-container{margin:0px 0px -10px 0px;}.elementor-1170 .elementor-element.elementor-element-25356c65{margin-top:0px;margin-bottom:0px;padding:0px 5px 50px 5px;}.elementor-1170 .elementor-element.elementor-element-7e57bc44 > .elementor-element-populated{margin:0px 0px 0px 0px;--e-column-margin-right:0px;--e-column-margin-left:0px;padding:10px 10px 10px 10px;}.elementor-1170 .elementor-element.elementor-element-27dbd1c .elementor-heading-title{font-size:var( --e-global-typography-secondary-font-size );letter-spacing:var( --e-global-typography-secondary-letter-spacing );}.elementor-1170 .elementor-element.elementor-element-5799ac57{font-size:var( --e-global-typography-text-font-size );}.elementor-1170 .elementor-element.elementor-element-c629bdf{font-size:var( --e-global-typography-text-font-size );}.elementor-1170 .elementor-element.elementor-element-768d7e90 > .elementor-element-populated{margin:0px 0px 10px 0px;--e-column-margin-right:0px;--e-column-margin-left:0px;}.elementor-1170 .elementor-element.elementor-element-356096f9 > .elementor-element-populated{margin:0px 0px 0px 0px;--e-column-margin-right:0px;--e-column-margin-left:0px;}}@media(max-width:1024px) and (min-width:768px){.elementor-1170 .elementor-element.elementor-element-92dc1bd{width:100%;}.elementor-1170 .elementor-element.elementor-element-7e57bc44{width:100%;}.elementor-1170 .elementor-element.elementor-element-356096f9{width:100%;}}<\/style>\t\t<div data-elementor-type=\"wp-page\" data-elementor-id=\"1170\" class=\"elementor elementor-1170 elementor-28\">\n\t\t\t\t\t\t<section class=\"elementor-section elementor-top-section elementor-element elementor-element-1a51bcd elementor-section-boxed elementor-section-height-default elementor-section-height-default\" data-id=\"1a51bcd\" data-element_type=\"section\" data-e-type=\"section\" data-settings=\"{&quot;background_background&quot;:&quot;classic&quot;}\">\n\t\t\t\t\t\t\t<div class=\"elementor-background-overlay\"><\/div>\n\t\t\t\t\t\t\t<div class=\"elementor-container elementor-column-gap-default\">\n\t\t\t\t\t<div class=\"elementor-column elementor-col-100 elementor-top-column elementor-element elementor-element-92dc1bd\" data-id=\"92dc1bd\" data-element_type=\"column\" data-e-type=\"column\" data-settings=\"{&quot;background_background&quot;:&quot;classic&quot;}\">\n\t\t\t<div class=\"elementor-widget-wrap elementor-element-populated\">\n\t\t\t\t\t\t<div class=\"elementor-element elementor-element-c2c91e9 elementor-widget elementor-widget-heading\" data-id=\"c2c91e9\" data-element_type=\"widget\" data-e-type=\"widget\" data-widget_type=\"heading.default\">\n\t\t\t\t<div class=\"elementor-widget-container\">\n\t\t\t\t\t<h2 class=\"elementor-heading-title elementor-size-default\">Bo Regal<\/h2>\t\t\t\t<\/div>\n\t\t\t\t<\/div>\n\t\t\t\t\t<\/div>\n\t\t<\/div>\n\t\t\t\t\t<\/div>\n\t\t<\/section>\n\t\t\t\t<section class=\"elementor-section elementor-top-section elementor-element elementor-element-25356c65 elementor-section-content-top elementor-section-boxed elementor-section-height-default elementor-section-height-default\" data-id=\"25356c65\" data-element_type=\"section\" data-e-type=\"section\" data-settings=\"{&quot;background_background&quot;:&quot;classic&quot;}\">\n\t\t\t\t\t\t<div class=\"elementor-container elementor-column-gap-default\">\n\t\t\t\t\t<div class=\"elementor-column elementor-col-50 elementor-top-column elementor-element elementor-element-7e57bc44\" data-id=\"7e57bc44\" data-element_type=\"column\" data-e-type=\"column\">\n\t\t\t<div class=\"elementor-widget-wrap elementor-element-populated\">\n\t\t\t\t\t\t<div class=\"elementor-element elementor-element-27dbd1c elementor-widget elementor-widget-heading\" data-id=\"27dbd1c\" data-element_type=\"widget\" data-e-type=\"widget\" data-widget_type=\"heading.default\">\n\t\t\t\t<div class=\"elementor-widget-container\">\n\t\t\t\t\t<h2 class=\"elementor-heading-title elementor-size-default\">Regala FUGITIVOS room escape<\/h2>\t\t\t\t<\/div>\n\t\t\t\t<\/div>\n\t\t\t\t<div class=\"elementor-element elementor-element-5799ac57 elementor-widget elementor-widget-text-editor\" data-id=\"5799ac57\" data-element_type=\"widget\" data-e-type=\"widget\" data-widget_type=\"text-editor.default\">\n\t\t\t\t<div class=\"elementor-widget-container\">\n\t\t\t\t\t\t\t\t\t<p>Regala una experi\u00e8ncia a Fugitivos Room Escape i sorpr\u00e8n a qui tu vulguis. Estem segurs que encertar\u00e0s, ja que no deixem indiferents a ning\u00fa. Viu una experi\u00e8ncia \u00fanica, diferent, divertida i original.  <\/p>\n\t\t\t\t\t\t\t\t<\/div>\n\t\t\t\t<\/div>\n\t\t\t\t<div class=\"elementor-element elementor-element-c629bdf elementor-widget elementor-widget-text-editor\" data-id=\"c629bdf\" data-element_type=\"widget\" data-e-type=\"widget\" data-widget_type=\"text-editor.default\">\n\t\t\t\t<div class=\"elementor-widget-container\">\n\t\t\t\t\t\t\t\t\t<p>Amb la compra d&#8217;un bo regal obtindr\u00e0s un codi perqu\u00e8 la persona a qui els regalis pugui bescanviar-lo per una experi\u00e8ncia a Fugitivos Room Escape en qualsevol dels nostres jocs. La persona afortunada en rebre aquest codi nom\u00e9s haur\u00e0 de reservar dia i hora i introduir el CODI en el moment del pagament. <\/p>\n\t\t\t\t\t\t\t\t<\/div>\n\t\t\t\t<\/div>\n\t\t\t\t<section class=\"elementor-section elementor-inner-section elementor-element elementor-element-6b1e417e elementor-section-boxed elementor-section-height-default elementor-section-height-default\" data-id=\"6b1e417e\" data-element_type=\"section\" data-e-type=\"section\">\n\t\t\t\t\t\t<div class=\"elementor-container elementor-column-gap-no\">\n\t\t\t\t\t<div class=\"elementor-column elementor-col-100 elementor-inner-column elementor-element elementor-element-768d7e90\" data-id=\"768d7e90\" data-element_type=\"column\" data-e-type=\"column\">\n\t\t\t<div class=\"elementor-widget-wrap elementor-element-populated\">\n\t\t\t\t\t\t<div class=\"elementor-element elementor-element-3f4df44e elementor-icon-list--layout-traditional elementor-list-item-link-full_width elementor-widget elementor-widget-icon-list\" data-id=\"3f4df44e\" data-element_type=\"widget\" data-e-type=\"widget\" data-widget_type=\"icon-list.default\">\n\t\t\t\t<div class=\"elementor-widget-container\">\n\t\t\t\t\t\t\t<ul class=\"elementor-icon-list-items\">\n\t\t\t\t\t\t\t<li class=\"elementor-icon-list-item\">\n\t\t\t\t\t\t\t\t\t\t\t<span class=\"elementor-icon-list-icon\">\n\t\t\t\t\t\t\t<i aria-hidden=\"true\" class=\"jki jki-alert-circle-line\"><\/i>\t\t\t\t\t\t<\/span>\n\t\t\t\t\t\t\t\t\t\t<span class=\"elementor-icon-list-text\">Si no sabeu quants jugadors seran, podeu adquirir el bo regal per al m\u00ednim (2 persones) i el dia de la partida s'abonar\u00e0 la difer\u00e8ncia al local.<\/span>\n\t\t\t\t\t\t\t\t\t<\/li>\n\t\t\t\t\t\t\t\t<li class=\"elementor-icon-list-item\">\n\t\t\t\t\t\t\t\t\t\t\t<span class=\"elementor-icon-list-icon\">\n\t\t\t\t\t\t\t<i aria-hidden=\"true\" class=\"jki jki-users-line\"><\/i>\t\t\t\t\t\t<\/span>\n\t\t\t\t\t\t\t\t\t\t<span class=\"elementor-icon-list-text\">Podran apuntar-se fins a 10 jugadors segons l'elecci\u00f3 del joc!<\/span>\n\t\t\t\t\t\t\t\t\t<\/li>\n\t\t\t\t\t\t\t\t<li class=\"elementor-icon-list-item\">\n\t\t\t\t\t\t\t\t\t\t\t<span class=\"elementor-icon-list-icon\">\n\t\t\t\t\t\t\t<i aria-hidden=\"true\" class=\"jki jki-calendar2-light\"><\/i>\t\t\t\t\t\t<\/span>\n\t\t\t\t\t\t\t\t\t\t<span class=\"elementor-icon-list-text\">El cup\u00f3 tindr\u00e0 validesa durant 1 any des del moment de la compra (subjecte a disponibilitat i reserves del joc) i es podr\u00e0 utilitzar de dilluns a diumenge. El bo podr\u00e0 ser bescanviat en qualsevol dels nostres jocs (La Fortaleza, La Fortaleza Kids, Escapestory o Escapestory Kids) segons la vostra elecci\u00f3. <\/span>\n\t\t\t\t\t\t\t\t\t<\/li>\n\t\t\t\t\t\t<\/ul>\n\t\t\t\t\t\t<\/div>\n\t\t\t\t<\/div>\n\t\t\t\t<div class=\"elementor-element elementor-element-2c3d845 elementor-widget elementor-widget-image\" data-id=\"2c3d845\" data-element_type=\"widget\" data-e-type=\"widget\" data-widget_type=\"image.default\">\n\t\t\t\t<div class=\"elementor-widget-container\">\n\t\t\t\t\t\t\t\t\t\t\t\t\t\t\t<img fetchpriority=\"high\" decoding=\"async\" width=\"800\" height=\"379\" src=\"https:\/\/fugitivosroomescape.com\/wp-content\/uploads\/2024\/02\/BonoRegalo-1024x485.png\" class=\"attachment-large size-large wp-image-1171\" alt=\"\" srcset=\"https:\/\/fugitivosroomescape.com\/wp-content\/uploads\/2024\/02\/BonoRegalo-1024x485.png 1024w, https:\/\/fugitivosroomescape.com\/wp-content\/uploads\/2024\/02\/BonoRegalo-300x142.png 300w, https:\/\/fugitivosroomescape.com\/wp-content\/uploads\/2024\/02\/BonoRegalo-768x364.png 768w, https:\/\/fugitivosroomescape.com\/wp-content\/uploads\/2024\/02\/BonoRegalo.png 1443w\" sizes=\"(max-width: 800px) 100vw, 800px\" \/>\t\t\t\t\t\t\t\t\t\t\t\t\t\t\t<\/div>\n\t\t\t\t<\/div>\n\t\t\t\t\t<\/div>\n\t\t<\/div>\n\t\t\t\t\t<\/div>\n\t\t<\/section>\n\t\t\t\t\t<\/div>\n\t\t<\/div>\n\t\t\t\t<div class=\"elementor-column elementor-col-50 elementor-top-column elementor-element elementor-element-356096f9\" data-id=\"356096f9\" data-element_type=\"column\" data-e-type=\"column\">\n\t\t\t<div class=\"elementor-widget-wrap elementor-element-populated\">\n\t\t\t\t\t\t<div class=\"elementor-element elementor-element-6a89535 elementor-widget elementor-widget-html\" data-id=\"6a89535\" data-element_type=\"widget\" data-e-type=\"widget\" data-widget_type=\"html.default\">\n\t\t\t\t<div class=\"elementor-widget-container\">\n\t\t\t\t\t<div id=\"system-13773-container\"><\/div>\n                    <link rel=\"stylesheet\" href=\"https:\/\/aether-static.gestorempresas.es\/css\/bonos.css\">\n                    <script src=\"https:\/\/aether-static.gestorempresas.es\/js\/bonos.js\"><\/script>\n                    <script src=\"https:\/\/aether-static.gestorempresas.es\/js\/iframeResizer.contentWindow.js\"><\/script>\n                    <script>\n                    window.start_calendar_routine({\n                        base_url: \"https:\/\/fugitivos.gestorempresas.es\/bonos\",\n                        content_id: \"system-13773-container\",\n                        icon_load: \"https:\/\/aether-static.gestorempresas.es\/img\/loading.gif\",\n                        uuid: \"4e4ab30b-a4e5-41c0-b8ae-614e0638b4eb\",\n                        lang: \"Es\"\n                    });\n                    <\/script>\t\t\t\t<\/div>\n\t\t\t\t<\/div>\n\t\t\t\t\t<\/div>\n\t\t<\/div>\n\t\t\t\t\t<\/div>\n\t\t<\/section>\n\t\t\t\t<\/div>\n\t\t","protected":false},"excerpt":{"rendered":"<p>Bo Regal Regala FUGITIVOS room escape Regala una experi\u00e8ncia a Fugitivos Room Escape i sorpr\u00e8n a qui tu vulguis. Estem segurs que encertar\u00e0s, ja que no deixem indiferents a ning\u00fa. Viu una experi\u00e8ncia \u00fanica, diferent, divertida i original. Amb la compra d&#8217;un bo regal obtindr\u00e0s un codi perqu\u00e8 la persona a qui els regalis pugui [&hellip;]<\/p>\n","protected":false},"author":1,"featured_media":0,"parent":0,"menu_order":0,"comment_status":"closed","ping_status":"closed","template":"elementor_header_footer","meta":{"footnotes":""},"class_list":["post-1170","page","type-page","status-publish","hentry"],"_links":{"self":[{"href":"https:\/\/fugitivosroomescape.com\/ca\/wp-json\/wp\/v2\/pages\/1170","targetHints":{"allow":["GET"]}}],"collection":[{"href":"https:\/\/fugitivosroomescape.com\/ca\/wp-json\/wp\/v2\/pages"}],"about":[{"href":"https:\/\/fugitivosroomescape.com\/ca\/wp-json\/wp\/v2\/types\/page"}],"author":[{"embeddable":true,"href":"https:\/\/fugitivosroomescape.com\/ca\/wp-json\/wp\/v2\/users\/1"}],"replies":[{"embeddable":true,"href":"https:\/\/fugitivosroomescape.com\/ca\/wp-json\/wp\/v2\/comments?post=1170"}],"version-history":[{"count":5,"href":"https:\/\/fugitivosroomescape.com\/ca\/wp-json\/wp\/v2\/pages\/1170\/revisions"}],"predecessor-version":[{"id":1270,"href":"https:\/\/fugitivosroomescape.com\/ca\/wp-json\/wp\/v2\/pages\/1170\/revisions\/1270"}],"wp:attachment":[{"href":"https:\/\/fugitivosroomescape.com\/ca\/wp-json\/wp\/v2\/media?parent=1170"}],"curies":[{"name":"wp","href":"https:\/\/api.w.org\/{rel}","templated":true}]}}