{"id":1185,"date":"2024-02-06T12:19:03","date_gmt":"2024-02-06T11:19:03","guid":{"rendered":"https:\/\/fugitivosroomescape.com\/properament\/"},"modified":"2024-09-23T08:19:41","modified_gmt":"2024-09-23T06:19:41","slug":"properament","status":"publish","type":"page","link":"https:\/\/fugitivosroomescape.com\/ca\/jocs\/properament\/","title":{"rendered":"Properament"},"content":{"rendered":"<style>.elementor-1185 .elementor-element.elementor-element-5afc35d9 > .elementor-container > .elementor-column > .elementor-widget-wrap{align-content:center;align-items:center;}.elementor-1185 .elementor-element.elementor-element-5afc35d9{padding:100px 0px 100px 0px;}.elementor-1185 .elementor-element.elementor-element-6ca311b0.elementor-column > .elementor-widget-wrap{justify-content:center;}.elementor-1185 .elementor-element.elementor-element-28b42014 .jeg-elementor-kit.jkit-post-title{text-align:left;}.elementor-1185 .elementor-element.elementor-element-28b42014 .jeg-elementor-kit.jkit-post-title .post-title, .elementor-1185 .elementor-element.elementor-element-28b42014 .jeg-elementor-kit.jkit-post-title .post-title a{font-family:var( --e-global-typography-secondary-font-family ), Sans-serif;font-size:var( --e-global-typography-secondary-font-size );font-weight:var( --e-global-typography-secondary-font-weight );text-transform:var( --e-global-typography-secondary-text-transform );letter-spacing:var( --e-global-typography-secondary-letter-spacing );}.elementor-1185 .elementor-element.elementor-element-28b42014 .jeg-elementor-kit.jkit-post-title .post-title.style-color, .elementor-1185 .elementor-element.elementor-element-28b42014 .jeg-elementor-kit.jkit-post-title .post-title.style-color a{color:#FFFFFF;}.elementor-1185 .elementor-element.elementor-element-28b42014 > .elementor-widget-container{margin:0px 0px -30px 0px;}.elementor-1185 .elementor-element.elementor-element-36de7381{font-family:var( --e-global-typography-text-font-family ), Sans-serif;font-size:var( --e-global-typography-text-font-size );font-weight:var( --e-global-typography-text-font-weight );color:var( --e-global-color-text );}.elementor-1185 .elementor-element.elementor-element-1125e630{--divider-border-style:solid;--divider-color:var( --e-global-color-3e80ec0 );--divider-border-width:1px;}.elementor-1185 .elementor-element.elementor-element-1125e630 .elementor-divider-separator{width:100%;}.elementor-1185 .elementor-element.elementor-element-1125e630 .elementor-divider{padding-block-start:0px;padding-block-end:0px;}.elementor-1185 .elementor-element.elementor-element-20e74aa9 .elementor-heading-title{font-family:var( --e-global-typography-text-font-family ), Sans-serif;font-size:var( --e-global-typography-text-font-size );font-weight:var( --e-global-typography-text-font-weight );color:var( --e-global-color-2e5081a );}.elementor-1185 .elementor-element.elementor-element-20e74aa9 > .elementor-widget-container{margin:0px 0px 0px 0px;}.elementor-1185 .elementor-element.elementor-element-1e4c1f0a .jeg-elementor-kit.jkit-social-share{text-align:left;--icon-padding-left:0px;--icon-padding-right:0px;--icon-padding-top:13px;--icon-padding-bottom:0px;--icon-size:14px;}.elementor-1185 .elementor-element.elementor-element-1e4c1f0a .jeg-elementor-kit.jkit-social-share .social-share-list > li.elementor-repeater-item-a493ea8 a{color:var( --e-global-color-accent );background-color:#FF020200;border-style:solid;border-width:1px 1px 1px 1px;border-color:var( --e-global-color-secondary );}.elementor-1185 .elementor-element.elementor-element-1e4c1f0a .jeg-elementor-kit.jkit-social-share .social-share-list > li.elementor-repeater-item-a493ea8 a svg{fill:var( --e-global-color-accent );}.elementor-1185 .elementor-element.elementor-element-1e4c1f0a .jeg-elementor-kit.jkit-social-share .social-share-list > li.elementor-repeater-item-a493ea8:hover a{color:var( --e-global-color-2e5081a );border-style:solid;border-width:1px 1px 1px 1px;border-color:var( --e-global-color-secondary );}.elementor-1185 .elementor-element.elementor-element-1e4c1f0a .jeg-elementor-kit.jkit-social-share .social-share-list > li.elementor-repeater-item-a493ea8:hover a:not(.hover-gradient), .elementor-1185 .elementor-element.elementor-element-1e4c1f0a .jeg-elementor-kit.jkit-social-share .social-share-list > li.elementor-repeater-item-a493ea8 a.hover-gradient:before{background-color:var( --e-global-color-secondary );}.elementor-1185 .elementor-element.elementor-element-1e4c1f0a .jeg-elementor-kit.jkit-social-share .social-share-list > li.elementor-repeater-item-988b905 a{color:var( --e-global-color-text );background-color:#3DB7CD00;border-style:solid;border-width:1px 1px 1px 1px;border-color:var( --e-global-color-secondary );}.elementor-1185 .elementor-element.elementor-element-1e4c1f0a .jeg-elementor-kit.jkit-social-share .social-share-list > li.elementor-repeater-item-988b905 a svg{fill:var( --e-global-color-text );}.elementor-1185 .elementor-element.elementor-element-1e4c1f0a .jeg-elementor-kit.jkit-social-share .social-share-list > li.elementor-repeater-item-988b905:hover a{color:var( --e-global-color-2e5081a );border-style:solid;border-width:1px 1px 1px 1px;border-color:var( --e-global-color-secondary );}.elementor-1185 .elementor-element.elementor-element-1e4c1f0a .jeg-elementor-kit.jkit-social-share .social-share-list > li.elementor-repeater-item-988b905:hover a:not(.hover-gradient), .elementor-1185 .elementor-element.elementor-element-1e4c1f0a .jeg-elementor-kit.jkit-social-share .social-share-list > li.elementor-repeater-item-988b905 a.hover-gradient:before{background-color:var( --e-global-color-secondary );}.elementor-1185 .elementor-element.elementor-element-1e4c1f0a .jeg-elementor-kit.jkit-social-share .social-share-list > li.elementor-repeater-item-1ff6c58 a{color:var( --e-global-color-text );background-color:#3DB7CD00;border-style:solid;border-width:1px 1px 1px 1px;border-color:var( --e-global-color-secondary );}.elementor-1185 .elementor-element.elementor-element-1e4c1f0a .jeg-elementor-kit.jkit-social-share .social-share-list > li.elementor-repeater-item-1ff6c58 a svg{fill:var( --e-global-color-text );}.elementor-1185 .elementor-element.elementor-element-1e4c1f0a .jeg-elementor-kit.jkit-social-share .social-share-list > li.elementor-repeater-item-1ff6c58:hover a{color:var( --e-global-color-2e5081a );border-style:solid;border-width:1px 1px 1px 1px;border-color:var( --e-global-color-secondary );}.elementor-1185 .elementor-element.elementor-element-1e4c1f0a .jeg-elementor-kit.jkit-social-share .social-share-list > li.elementor-repeater-item-1ff6c58:hover a:not(.hover-gradient), .elementor-1185 .elementor-element.elementor-element-1e4c1f0a .jeg-elementor-kit.jkit-social-share .social-share-list > li.elementor-repeater-item-1ff6c58 a.hover-gradient:before{background-color:var( --e-global-color-secondary );}.elementor-1185 .elementor-element.elementor-element-1e4c1f0a .jeg-elementor-kit.jkit-social-share .social-share-list > li.elementor-repeater-item-353de76 a{color:var( --e-global-color-2e5081a );background-color:#3DB7CD00;border-style:solid;border-width:1px 1px 1px 1px;border-color:var( --e-global-color-secondary );}.elementor-1185 .elementor-element.elementor-element-1e4c1f0a .jeg-elementor-kit.jkit-social-share .social-share-list > li.elementor-repeater-item-353de76 a svg{fill:var( --e-global-color-2e5081a );}.elementor-1185 .elementor-element.elementor-element-1e4c1f0a .jeg-elementor-kit.jkit-social-share .social-share-list > li.elementor-repeater-item-353de76:hover a{color:#FFFFFF;border-style:solid;border-width:1px 1px 1px 1px;border-color:var( --e-global-color-secondary );}.elementor-1185 .elementor-element.elementor-element-1e4c1f0a .jeg-elementor-kit.jkit-social-share .social-share-list > li.elementor-repeater-item-353de76:hover a:not(.hover-gradient), .elementor-1185 .elementor-element.elementor-element-1e4c1f0a .jeg-elementor-kit.jkit-social-share .social-share-list > li.elementor-repeater-item-353de76 a.hover-gradient:before{background-color:var( --e-global-color-secondary );}.elementor-1185 .elementor-element.elementor-element-1e4c1f0a .jeg-elementor-kit.jkit-social-share .social-share-list > li a{text-align:center;padding:13px 0px 0px 0px;width:40px;height:40px;line-height:0px;}.elementor-1185 .elementor-element.elementor-element-1e4c1f0a .jeg-elementor-kit.jkit-social-share .social-share-list > li{display:inline-block;margin:0px 10px 0px 0px;}.elementor-1185 .elementor-element.elementor-element-1e4c1f0a > .elementor-widget-container{margin:0px 0px 0px 0px;}.elementor-1185 .elementor-element.elementor-element-1e4c1f0a{width:auto;max-width:auto;}.elementor-1185 .elementor-element.elementor-element-1e4c1f0a:not(.e-transform) > .elementor-widget-container{-moz-transform:rotate(0deg);-webkit-transform:rotate(0deg);-o-transform:rotate(0deg);-ms-transform:rotate(0deg);transform:rotate(0deg);}.elementor-1185 .elementor-element.elementor-element-1e4c1f0a.e-transform > .elementor-widget-container{--e-transform-rotateZ:0deg;}.elementor-1185 .elementor-element.elementor-element-1e4c1f0a.elementor-widget > .elementor-widget-container, .elementor-1185 .elementor-element.elementor-element-1e4c1f0a.elementor-widget > .elementor-widget-container > *{position:relative;--jkit-option-enabled:0px;}.elementor-1185 .elementor-element.elementor-element-1e4c1f0a.elementor-widget > .elementor-widget-container::before{content:\"\";width:100%;height:100%;position:absolute;left:0;top:0;-webkit-backdrop-filter:blur(0px);backdrop-filter:blur(0px);border-radius:inherit;background-color:inherit;}@media(max-width:1024px){.elementor-1185 .elementor-element.elementor-element-5afc35d9{padding:80px 10px 50px 10px;}.elementor-1185 .elementor-element.elementor-element-28b42014 .jeg-elementor-kit.jkit-post-title .post-title, .elementor-1185 .elementor-element.elementor-element-28b42014 .jeg-elementor-kit.jkit-post-title .post-title a{font-size:var( --e-global-typography-secondary-font-size );letter-spacing:var( --e-global-typography-secondary-letter-spacing );}.elementor-1185 .elementor-element.elementor-element-36de7381{font-size:var( --e-global-typography-text-font-size );}.elementor-1185 .elementor-element.elementor-element-20e74aa9 .elementor-heading-title{font-size:var( --e-global-typography-text-font-size );}}@media(max-width:767px){.elementor-1185 .elementor-element.elementor-element-5afc35d9{padding:50px 5px 20px 5px;}.elementor-1185 .elementor-element.elementor-element-28b42014 .jeg-elementor-kit.jkit-post-title .post-title, .elementor-1185 .elementor-element.elementor-element-28b42014 .jeg-elementor-kit.jkit-post-title .post-title a{font-size:var( --e-global-typography-secondary-font-size );letter-spacing:var( --e-global-typography-secondary-letter-spacing );}.elementor-1185 .elementor-element.elementor-element-36de7381{font-size:var( --e-global-typography-text-font-size );}.elementor-1185 .elementor-element.elementor-element-20e74aa9 .elementor-heading-title{font-size:var( --e-global-typography-text-font-size );}.elementor-1185 .elementor-element.elementor-element-1e4c1f0a .jeg-elementor-kit.jkit-social-share{text-align:left;--icon-padding-left:0px;--icon-padding-right:0px;--icon-padding-top:11px;--icon-padding-bottom:0px;--icon-size:16px;}.elementor-1185 .elementor-element.elementor-element-1e4c1f0a .jeg-elementor-kit.jkit-social-share .social-share-list > li a{text-align:center;padding:11px 0px 0px 0px;width:40px;height:40px;}.elementor-1185 .elementor-element.elementor-element-1e4c1f0a .jeg-elementor-kit.jkit-social-share .social-share-list > li{margin:0px 10px 0px 0px;}.elementor-1185 .elementor-element.elementor-element-1e4c1f0a{width:auto;max-width:auto;}}.elementor-element.elementor-element-1e4c1f0a .jeg-elementor-kit.jkit-social-share .social-share-list > li a { margin-right: auto; }@media (max-width: 1024px) {.elementor-element.elementor-element-1e4c1f0a .jeg-elementor-kit.jkit-social-share .social-share-list > li a { margin-left: auto; margin-right: unset; } }@media (max-width: 767px) {.elementor-element.elementor-element-1e4c1f0a .jeg-elementor-kit.jkit-social-share .social-share-list > li a { margin-left: unset; margin-right: auto; } }<\/style>\t\t<div data-elementor-type=\"wp-page\" data-elementor-id=\"1185\" class=\"elementor elementor-1185 elementor-22\">\n\t\t\t\t\t\t<section class=\"elementor-section elementor-top-section elementor-element elementor-element-5afc35d9 elementor-section-content-middle elementor-section-boxed elementor-section-height-default elementor-section-height-default\" data-id=\"5afc35d9\" data-element_type=\"section\" data-e-type=\"section\">\n\t\t\t\t\t\t<div class=\"elementor-container elementor-column-gap-default\">\n\t\t\t\t\t<div class=\"elementor-column elementor-col-100 elementor-top-column elementor-element elementor-element-6ca311b0\" data-id=\"6ca311b0\" data-element_type=\"column\" data-e-type=\"column\">\n\t\t\t<div class=\"elementor-widget-wrap elementor-element-populated\">\n\t\t\t\t\t\t<section class=\"elementor-section elementor-inner-section elementor-element elementor-element-53460b6c elementor-section-boxed elementor-section-height-default elementor-section-height-default\" data-id=\"53460b6c\" data-element_type=\"section\" data-e-type=\"section\">\n\t\t\t\t\t\t<div class=\"elementor-container elementor-column-gap-default\">\n\t\t\t\t\t<div class=\"elementor-column elementor-col-33 elementor-inner-column elementor-element elementor-element-6498e54d\" data-id=\"6498e54d\" data-element_type=\"column\" data-e-type=\"column\">\n\t\t\t<div class=\"elementor-widget-wrap elementor-element-populated\">\n\t\t\t\t\t\t<div class=\"elementor-element elementor-element-34f2e128 elementor-widget elementor-widget-image\" data-id=\"34f2e128\" data-element_type=\"widget\" data-e-type=\"widget\" data-widget_type=\"image.default\">\n\t\t\t\t<div class=\"elementor-widget-container\">\n\t\t\t\t\t\t\t\t\t\t\t\t\t\t\t<img fetchpriority=\"high\" decoding=\"async\" width=\"800\" height=\"800\" src=\"https:\/\/fugitivosroomescape.com\/wp-content\/uploads\/2024\/03\/foto-en-construccion.jpeg\" class=\"attachment-large size-large wp-image-1186\" alt=\"\" srcset=\"https:\/\/fugitivosroomescape.com\/wp-content\/uploads\/2024\/03\/foto-en-construccion.jpeg 1024w, https:\/\/fugitivosroomescape.com\/wp-content\/uploads\/2024\/03\/foto-en-construccion-300x300.jpeg 300w, https:\/\/fugitivosroomescape.com\/wp-content\/uploads\/2024\/03\/foto-en-construccion-150x150.jpeg 150w, https:\/\/fugitivosroomescape.com\/wp-content\/uploads\/2024\/03\/foto-en-construccion-768x768.jpeg 768w\" sizes=\"(max-width: 800px) 100vw, 800px\" \/>\t\t\t\t\t\t\t\t\t\t\t\t\t\t\t<\/div>\n\t\t\t\t<\/div>\n\t\t\t\t\t<\/div>\n\t\t<\/div>\n\t\t\t\t<div class=\"elementor-column elementor-col-66 elementor-inner-column elementor-element elementor-element-73ae6bbf\" data-id=\"73ae6bbf\" data-element_type=\"column\" data-e-type=\"column\">\n\t\t\t<div class=\"elementor-widget-wrap elementor-element-populated\">\n\t\t\t\t\t\t<div class=\"elementor-element elementor-element-28b42014 elementor-widget elementor-widget-jkit_post_title\" data-id=\"28b42014\" data-element_type=\"widget\" data-e-type=\"widget\" data-widget_type=\"jkit_post_title.default\">\n\t\t\t\t<div class=\"elementor-widget-container\">\n\t\t\t\t\t<div  class=\"jeg-elementor-kit jkit-post-title jeg_module___69f26e2aa085b\" ><h2 class=\"post-title style-color \">Properament<\/h2><\/div>\t\t\t\t<\/div>\n\t\t\t\t<\/div>\n\t\t\t\t<div class=\"elementor-element elementor-element-36de7381 elementor-widget elementor-widget-text-editor\" data-id=\"36de7381\" data-element_type=\"widget\" data-e-type=\"widget\" data-widget_type=\"text-editor.default\">\n\t\t\t\t<div class=\"elementor-widget-container\">\n\t\t\t\t\t\t\t\t\t<p><em>EN CONSTRUCCI\u00d3<\/em><\/p>\n<p>A FUGITIUS ens encanta que gaudiu les nostres aventures i no volem parar de sorprendre-us, aix\u00ed que ja estem treballant en una nova experi\u00e8ncia per a vosaltres. Us mantindrem informats. <\/p>\n\t\t\t\t\t\t\t\t<\/div>\n\t\t\t\t<\/div>\n\t\t\t\t<div class=\"elementor-element elementor-element-1125e630 elementor-widget-divider--view-line elementor-widget elementor-widget-divider\" data-id=\"1125e630\" data-element_type=\"widget\" data-e-type=\"widget\" data-widget_type=\"divider.default\">\n\t\t\t\t<div class=\"elementor-widget-container\">\n\t\t\t\t\t\t\t<div class=\"elementor-divider\">\n\t\t\t<span class=\"elementor-divider-separator\">\n\t\t\t\t\t\t<\/span>\n\t\t<\/div>\n\t\t\t\t\t\t<\/div>\n\t\t\t\t<\/div>\n\t\t\t\t<div class=\"elementor-element elementor-element-20e74aa9 elementor-widget elementor-widget-heading\" data-id=\"20e74aa9\" data-element_type=\"widget\" data-e-type=\"widget\" data-widget_type=\"heading.default\">\n\t\t\t\t<div class=\"elementor-widget-container\">\n\t\t\t\t\t<div class=\"elementor-heading-title elementor-size-default\">Compartir<\/div>\t\t\t\t<\/div>\n\t\t\t\t<\/div>\n\t\t\t\t<div class=\"elementor-element elementor-element-1e4c1f0a elementor-widget__width-auto elementor-widget-mobile__width-auto jkit-social-shape shape-none elementor-widget elementor-widget-jkit_social_share\" data-id=\"1e4c1f0a\" data-element_type=\"widget\" data-e-type=\"widget\" data-widget_type=\"jkit_social_share.default\">\n\t\t\t\t<div class=\"elementor-widget-container\">\n\t\t\t\t\t<div  class=\"jeg-elementor-kit jkit-social-share jeg_module__1_69f26e2aa1d84\" ><ul class=\"social-share-list\"><li class=\"elementor-repeater-item-a493ea8\" data-social=\"facebook\">\n\t\t\t\t<a href=\"#\" class=\"facebook social-icon\" aria-label=\"social-share\"><i aria-hidden=\"true\" class=\"jki jki-facebook-light\"><\/i><\/a>\n\t\t\t<\/li><li class=\"elementor-repeater-item-988b905\" data-social=\"twitter\">\n\t\t\t\t<a href=\"#\" class=\"twitter social-icon\" aria-label=\"social-share\"><i aria-hidden=\"true\" class=\"jki jki-twitter-light\"><\/i><\/a>\n\t\t\t<\/li><li class=\"elementor-repeater-item-1ff6c58\" data-social=\"telegram\">\n\t\t\t\t<a href=\"#\" class=\"telegram social-icon\" aria-label=\"social-share\"><svg viewBox=\"0 0 448 512\" xmlns=\"http:\/\/www.w3.org\/2000\/svg\"><path d=\"M446.7 98.6l-67.6 318.8c-5.1 22.5-18.4 28.1-37.3 17.5l-103-75.9-49.7 47.8c-5.5 5.5-10.1 10.1-20.7 10.1l7.4-104.9 190.9-172.5c8.3-7.4-1.8-11.5-12.9-4.1L117.8 284 16.2 252.2c-22.1-6.9-22.5-22.1 4.6-32.7L418.2 66.4c18.4-6.9 34.5 4.1 28.5 32.2z\"><\/path><\/svg><\/a>\n\t\t\t<\/li><li class=\"elementor-repeater-item-353de76\" data-social=\"whatsapp\">\n\t\t\t\t<a href=\"#\" class=\"whatsapp social-icon\" aria-label=\"social-share\"><svg viewBox=\"0 0 448 512\" xmlns=\"http:\/\/www.w3.org\/2000\/svg\"><path d=\"M380.9 97.1C339 55.1 283.2 32 223.9 32c-122.4 0-222 99.6-222 222 0 39.1 10.2 77.3 29.6 111L0 480l117.7-30.9c32.4 17.7 68.9 27 106.1 27h.1c122.3 0 224.1-99.6 224.1-222 0-59.3-25.2-115-67.1-157zm-157 341.6c-33.2 0-65.7-8.9-94-25.7l-6.7-4-69.8 18.3L72 359.2l-4.4-7c-18.5-29.4-28.2-63.3-28.2-98.2 0-101.7 82.8-184.5 184.6-184.5 49.3 0 95.6 19.2 130.4 54.1 34.8 34.9 56.2 81.2 56.1 130.5 0 101.8-84.9 184.6-186.6 184.6zm101.2-138.2c-5.5-2.8-32.8-16.2-37.9-18-5.1-1.9-8.8-2.8-12.5 2.8-3.7 5.6-14.3 18-17.6 21.8-3.2 3.7-6.5 4.2-12 1.4-32.6-16.3-54-29.1-75.5-66-5.7-9.8 5.7-9.1 16.3-30.3 1.8-3.7.9-6.9-.5-9.7-1.4-2.8-12.5-30.1-17.1-41.2-4.5-10.8-9.1-9.3-12.5-9.5-3.2-.2-6.9-.2-10.6-.2-3.7 0-9.7 1.4-14.8 6.9-5.1 5.6-19.4 19-19.4 46.3 0 27.3 19.9 53.7 22.6 57.4 2.8 3.7 39.1 59.7 94.8 83.8 35.2 15.2 49 16.5 66.6 13.9 10.7-1.6 32.8-13.4 37.4-26.4 4.6-13 4.6-24.1 3.2-26.4-1.3-2.5-5-3.9-10.5-6.6z\"><\/path><\/svg><\/a>\n\t\t\t<\/li><\/ul><\/div>\t\t\t\t<\/div>\n\t\t\t\t<\/div>\n\t\t\t\t\t<\/div>\n\t\t<\/div>\n\t\t\t\t\t<\/div>\n\t\t<\/section>\n\t\t\t\t\t<\/div>\n\t\t<\/div>\n\t\t\t\t\t<\/div>\n\t\t<\/section>\n\t\t\t\t<\/div>\n\t\t","protected":false},"excerpt":{"rendered":"<p>EN CONSTRUCCI\u00d3 A FUGITIUS ens encanta que gaudiu les nostres aventures i no volem parar de sorprendre-us, aix\u00ed que ja estem treballant en una nova experi\u00e8ncia per a vosaltres. Us mantindrem informats. Compartir<\/p>\n","protected":false},"author":1,"featured_media":0,"parent":1200,"menu_order":0,"comment_status":"closed","ping_status":"closed","template":"elementor_header_footer","meta":{"footnotes":""},"class_list":["post-1185","page","type-page","status-publish","hentry"],"_links":{"self":[{"href":"https:\/\/fugitivosroomescape.com\/ca\/wp-json\/wp\/v2\/pages\/1185","targetHints":{"allow":["GET"]}}],"collection":[{"href":"https:\/\/fugitivosroomescape.com\/ca\/wp-json\/wp\/v2\/pages"}],"about":[{"href":"https:\/\/fugitivosroomescape.com\/ca\/wp-json\/wp\/v2\/types\/page"}],"author":[{"embeddable":true,"href":"https:\/\/fugitivosroomescape.com\/ca\/wp-json\/wp\/v2\/users\/1"}],"replies":[{"embeddable":true,"href":"https:\/\/fugitivosroomescape.com\/ca\/wp-json\/wp\/v2\/comments?post=1185"}],"version-history":[{"count":1,"href":"https:\/\/fugitivosroomescape.com\/ca\/wp-json\/wp\/v2\/pages\/1185\/revisions"}],"predecessor-version":[{"id":1187,"href":"https:\/\/fugitivosroomescape.com\/ca\/wp-json\/wp\/v2\/pages\/1185\/revisions\/1187"}],"up":[{"embeddable":true,"href":"https:\/\/fugitivosroomescape.com\/ca\/wp-json\/wp\/v2\/pages\/1200"}],"wp:attachment":[{"href":"https:\/\/fugitivosroomescape.com\/ca\/wp-json\/wp\/v2\/media?parent=1185"}],"curies":[{"name":"wp","href":"https:\/\/api.w.org\/{rel}","templated":true}]}}