{"id":1202,"date":"2024-02-06T12:21:32","date_gmt":"2024-02-06T11:21:32","guid":{"rendered":"https:\/\/fugitivosroomescape.com\/franquicies\/"},"modified":"2024-09-23T08:20:35","modified_gmt":"2024-09-23T06:20:35","slug":"franquicies","status":"publish","type":"page","link":"https:\/\/fugitivosroomescape.com\/ca\/franquicies\/","title":{"rendered":"Franqu\u00edcies"},"content":{"rendered":"<style>.elementor-1202 .elementor-element.elementor-element-ee85804 > .elementor-container{max-width:500px;}.elementor-1202 .elementor-element.elementor-element-ee85804:not(.elementor-motion-effects-element-type-background), .elementor-1202 .elementor-element.elementor-element-ee85804 > .elementor-motion-effects-container > .elementor-motion-effects-layer{background-image:url(\"https:\/\/fugitivosroomescape.com\/wp-content\/uploads\/2024\/02\/bg-32.jpg\");background-position:top center;background-repeat:no-repeat;background-size:cover;}.elementor-1202 .elementor-element.elementor-element-ee85804 > .elementor-background-overlay{background-color:transparent;background-image:linear-gradient(180deg, #010B0080 0%, var( --e-global-color-eb5be0e ) 100%);opacity:1;transition:background 0.3s, border-radius 0.3s, opacity 0.3s;}.elementor-1202 .elementor-element.elementor-element-ee85804{transition:background 0.3s, border 0.3s, border-radius 0.3s, box-shadow 0.3s;margin-top:-200px;margin-bottom:0px;padding:300px 0px 150px 0px;}.elementor-1202 .elementor-element.elementor-element-221373e.elementor-column > .elementor-widget-wrap{justify-content:center;}.elementor-1202 .elementor-element.elementor-element-221373e > .elementor-element-populated{transition:background 0.3s, border 0.3s, border-radius 0.3s, box-shadow 0.3s;padding:20px 0px 20px 0px;}.elementor-1202 .elementor-element.elementor-element-221373e > .elementor-element-populated > .elementor-background-overlay{transition:background 0.3s, border-radius 0.3s, opacity 0.3s;}.elementor-1202 .elementor-element.elementor-element-8ae8648{text-align:center;}.elementor-1202 .elementor-element.elementor-element-8ae8648 .elementor-heading-title{font-family:var( --e-global-typography-secondary-font-family ), Sans-serif;font-size:var( --e-global-typography-secondary-font-size );font-weight:var( --e-global-typography-secondary-font-weight );text-transform:var( --e-global-typography-secondary-text-transform );letter-spacing:var( --e-global-typography-secondary-letter-spacing );color:#FFFFFF;}.elementor-1202 .elementor-element.elementor-element-8ae8648 > .elementor-widget-container{margin:0px 0px 0px 0px;}.elementor-1202 .elementor-element.elementor-element-f96471 > .elementor-container > .elementor-column > .elementor-widget-wrap{align-content:center;align-items:center;}.elementor-1202 .elementor-element.elementor-element-f96471{transition:background 0.3s, border 0.3s, border-radius 0.3s, box-shadow 0.3s;padding:0px 0px 100px 0px;}.elementor-1202 .elementor-element.elementor-element-f96471 > .elementor-background-overlay{transition:background 0.3s, border-radius 0.3s, opacity 0.3s;}.elementor-bc-flex-widget .elementor-1202 .elementor-element.elementor-element-32e1e33b.elementor-column .elementor-widget-wrap{align-items:center;}.elementor-1202 .elementor-element.elementor-element-32e1e33b.elementor-column.elementor-element[data-element_type=\"column\"] > .elementor-widget-wrap.elementor-element-populated{align-content:center;align-items:center;}.elementor-1202 .elementor-element.elementor-element-32e1e33b.elementor-column > .elementor-widget-wrap{justify-content:center;}.elementor-1202 .elementor-element.elementor-element-32e1e33b > .elementor-element-populated{margin:0px 50px 0px 0px;--e-column-margin-right:50px;--e-column-margin-left:0px;}.elementor-1202 .elementor-element.elementor-element-4547d2f3{text-align:center;font-family:var( --e-global-typography-c9c3c21-font-family ), Sans-serif;font-size:var( --e-global-typography-c9c3c21-font-size );font-weight:var( --e-global-typography-c9c3c21-font-weight );line-height:var( --e-global-typography-c9c3c21-line-height );letter-spacing:var( --e-global-typography-c9c3c21-letter-spacing );word-spacing:var( --e-global-typography-c9c3c21-word-spacing );color:var( --e-global-color-2e5081a );z-index:2;}.elementor-1202 .elementor-element.elementor-element-4547d2f3 > .elementor-widget-container{margin:0px 0px 0px 0px;}.elementor-1202 .elementor-element.elementor-element-45015f6e{text-align:center;font-family:var( --e-global-typography-text-font-family ), Sans-serif;font-size:var( --e-global-typography-text-font-size );font-weight:var( --e-global-typography-text-font-weight );color:var( --e-global-color-text );}.elementor-1202 .elementor-element.elementor-element-45015f6e > .elementor-widget-container{margin:0px 0px -15px 0px;}.elementor-1202 .elementor-element.elementor-element-354b365 .elementor-icon-list-items:not(.elementor-inline-items) .elementor-icon-list-item:not(:last-child){padding-block-end:calc(17px\/2);}.elementor-1202 .elementor-element.elementor-element-354b365 .elementor-icon-list-items:not(.elementor-inline-items) .elementor-icon-list-item:not(:first-child){margin-block-start:calc(17px\/2);}.elementor-1202 .elementor-element.elementor-element-354b365 .elementor-icon-list-items.elementor-inline-items .elementor-icon-list-item{margin-inline:calc(17px\/2);}.elementor-1202 .elementor-element.elementor-element-354b365 .elementor-icon-list-items.elementor-inline-items{margin-inline:calc(-17px\/2);}.elementor-1202 .elementor-element.elementor-element-354b365 .elementor-icon-list-items.elementor-inline-items .elementor-icon-list-item:after{inset-inline-end:calc(-17px\/2);}.elementor-1202 .elementor-element.elementor-element-354b365 .elementor-icon-list-icon i{color:var( --e-global-color-secondary );transition:color 0.3s;}.elementor-1202 .elementor-element.elementor-element-354b365 .elementor-icon-list-icon svg{fill:var( --e-global-color-secondary );transition:fill 0.3s;}.elementor-1202 .elementor-element.elementor-element-354b365{--e-icon-list-icon-size:21px;--icon-vertical-offset:0px;width:auto;max-width:auto;}.elementor-1202 .elementor-element.elementor-element-354b365 .elementor-icon-list-icon{padding-inline-end:7px;}.elementor-1202 .elementor-element.elementor-element-354b365 .elementor-icon-list-item > .elementor-icon-list-text, .elementor-1202 .elementor-element.elementor-element-354b365 .elementor-icon-list-item > a{font-family:var( --e-global-typography-text-font-family ), Sans-serif;font-size:var( --e-global-typography-text-font-size );font-weight:var( --e-global-typography-text-font-weight );}.elementor-1202 .elementor-element.elementor-element-354b365 .elementor-icon-list-text{color:#FFFFFF;transition:color 0.3s;}.elementor-1202 .elementor-element.elementor-element-354b365 > .elementor-widget-container{margin:20px 0px 0px 0px;}@media(max-width:1024px) and (min-width:768px){.elementor-1202 .elementor-element.elementor-element-221373e{width:100%;}.elementor-1202 .elementor-element.elementor-element-32e1e33b{width:100%;}}@media(max-width:1024px){.elementor-1202 .elementor-element.elementor-element-ee85804:not(.elementor-motion-effects-element-type-background), .elementor-1202 .elementor-element.elementor-element-ee85804 > .elementor-motion-effects-container > .elementor-motion-effects-layer{background-position:center center;}.elementor-1202 .elementor-element.elementor-element-ee85804{padding:250px 0px 100px 0px;}.elementor-1202 .elementor-element.elementor-element-221373e > .elementor-element-populated{margin:0px 0px 0px 0px;--e-column-margin-right:0px;--e-column-margin-left:0px;}.elementor-1202 .elementor-element.elementor-element-8ae8648 .elementor-heading-title{font-size:var( --e-global-typography-secondary-font-size );letter-spacing:var( --e-global-typography-secondary-letter-spacing );}.elementor-1202 .elementor-element.elementor-element-f96471{padding:0px 10px 80px 10px;}.elementor-1202 .elementor-element.elementor-element-32e1e33b > .elementor-element-populated{margin:0px 0px 40px 0px;--e-column-margin-right:0px;--e-column-margin-left:0px;padding:10px 10px 10px 10px;}.elementor-1202 .elementor-element.elementor-element-4547d2f3{font-size:var( --e-global-typography-c9c3c21-font-size );line-height:var( --e-global-typography-c9c3c21-line-height );letter-spacing:var( --e-global-typography-c9c3c21-letter-spacing );word-spacing:var( --e-global-typography-c9c3c21-word-spacing );}.elementor-1202 .elementor-element.elementor-element-45015f6e{text-align:center;font-size:var( --e-global-typography-text-font-size );}.elementor-1202 .elementor-element.elementor-element-354b365 .elementor-icon-list-item > .elementor-icon-list-text, .elementor-1202 .elementor-element.elementor-element-354b365 .elementor-icon-list-item > a{font-size:var( --e-global-typography-text-font-size );}}@media(max-width:767px){.elementor-1202 .elementor-element.elementor-element-ee85804:not(.elementor-motion-effects-element-type-background), .elementor-1202 .elementor-element.elementor-element-ee85804 > .elementor-motion-effects-container > .elementor-motion-effects-layer{background-position:center center;}.elementor-1202 .elementor-element.elementor-element-221373e > .elementor-element-populated{margin:0px 20px 0px 20px;--e-column-margin-right:20px;--e-column-margin-left:20px;}.elementor-1202 .elementor-element.elementor-element-8ae8648 .elementor-heading-title{font-size:var( --e-global-typography-secondary-font-size );letter-spacing:var( --e-global-typography-secondary-letter-spacing );}.elementor-1202 .elementor-element.elementor-element-8ae8648 > .elementor-widget-container{margin:0px 0px -10px 0px;}.elementor-1202 .elementor-element.elementor-element-f96471{margin-top:0px;margin-bottom:0px;padding:0px 5px 50px 5px;}.elementor-1202 .elementor-element.elementor-element-32e1e33b > .elementor-element-populated{margin:0px 0px 20px 0px;--e-column-margin-right:0px;--e-column-margin-left:0px;padding:10px 10px 10px 10px;}.elementor-1202 .elementor-element.elementor-element-4547d2f3{font-size:var( --e-global-typography-c9c3c21-font-size );line-height:var( --e-global-typography-c9c3c21-line-height );letter-spacing:var( --e-global-typography-c9c3c21-letter-spacing );word-spacing:var( --e-global-typography-c9c3c21-word-spacing );}.elementor-1202 .elementor-element.elementor-element-45015f6e{font-size:var( --e-global-typography-text-font-size );}.elementor-1202 .elementor-element.elementor-element-354b365 .elementor-icon-list-item > .elementor-icon-list-text, .elementor-1202 .elementor-element.elementor-element-354b365 .elementor-icon-list-item > a{font-size:var( --e-global-typography-text-font-size );}}<\/style>\t\t<div data-elementor-type=\"wp-page\" data-elementor-id=\"1202\" class=\"elementor elementor-1202 elementor-32\">\n\t\t\t\t\t\t<section class=\"elementor-section elementor-top-section elementor-element elementor-element-ee85804 elementor-section-boxed elementor-section-height-default elementor-section-height-default\" data-id=\"ee85804\" data-element_type=\"section\" data-e-type=\"section\" data-settings=\"{&quot;background_background&quot;:&quot;classic&quot;}\">\n\t\t\t\t\t\t\t<div class=\"elementor-background-overlay\"><\/div>\n\t\t\t\t\t\t\t<div class=\"elementor-container elementor-column-gap-default\">\n\t\t\t\t\t<div class=\"elementor-column elementor-col-100 elementor-top-column elementor-element elementor-element-221373e\" data-id=\"221373e\" data-element_type=\"column\" data-e-type=\"column\" data-settings=\"{&quot;background_background&quot;:&quot;classic&quot;}\">\n\t\t\t<div class=\"elementor-widget-wrap elementor-element-populated\">\n\t\t\t\t\t\t<div class=\"elementor-element elementor-element-8ae8648 elementor-widget elementor-widget-heading\" data-id=\"8ae8648\" data-element_type=\"widget\" data-e-type=\"widget\" data-widget_type=\"heading.default\">\n\t\t\t\t<div class=\"elementor-widget-container\">\n\t\t\t\t\t<h2 class=\"elementor-heading-title elementor-size-default\">Franqu\u00edcies<\/h2>\t\t\t\t<\/div>\n\t\t\t\t<\/div>\n\t\t\t\t\t<\/div>\n\t\t<\/div>\n\t\t\t\t\t<\/div>\n\t\t<\/section>\n\t\t\t\t<section class=\"elementor-section elementor-top-section elementor-element elementor-element-f96471 elementor-section-content-middle elementor-section-boxed elementor-section-height-default elementor-section-height-default\" data-id=\"f96471\" data-element_type=\"section\" data-e-type=\"section\" data-settings=\"{&quot;background_background&quot;:&quot;classic&quot;}\">\n\t\t\t\t\t\t<div class=\"elementor-container elementor-column-gap-default\">\n\t\t\t\t\t<div class=\"elementor-column elementor-col-100 elementor-top-column elementor-element elementor-element-32e1e33b\" data-id=\"32e1e33b\" data-element_type=\"column\" data-e-type=\"column\">\n\t\t\t<div class=\"elementor-widget-wrap elementor-element-populated\">\n\t\t\t\t\t\t<div class=\"elementor-element elementor-element-4547d2f3 elementor-widget elementor-widget-text-editor\" data-id=\"4547d2f3\" data-element_type=\"widget\" data-e-type=\"widget\" data-widget_type=\"text-editor.default\">\n\t\t\t\t<div class=\"elementor-widget-container\">\n\t\t\t\t\t\t\t\t\t<p>Vols muntar el teu propi Escape Room?<br \/>Necessites ajuda en alguna de les fases de creaci\u00f3 del teu projecte?<br \/>T&#8217;interessa muntar una franqu\u00edcia de Fugitivos Room Escape a Espanya?<\/p>\n\t\t\t\t\t\t\t\t<\/div>\n\t\t\t\t<\/div>\n\t\t\t\t<div class=\"elementor-element elementor-element-45015f6e elementor-widget elementor-widget-text-editor\" data-id=\"45015f6e\" data-element_type=\"widget\" data-e-type=\"widget\" data-widget_type=\"text-editor.default\">\n\t\t\t\t<div class=\"elementor-widget-container\">\n\t\t\t\t\t\t\t\t\t<p>Podem ajudar-te a crear el teu negoci, contacta&#8217;ns, no dubtis. A m\u00e9s, disposem d&#8217;una \u00e0mplia cartera de professionals aix\u00ed com de nombrosos contactes al sector. <\/p>\n\t\t\t\t\t\t\t\t<\/div>\n\t\t\t\t<\/div>\n\t\t\t\t<div class=\"elementor-element elementor-element-354b365 elementor-icon-list--layout-inline elementor-widget__width-auto elementor-list-item-link-full_width elementor-widget elementor-widget-icon-list\" data-id=\"354b365\" data-element_type=\"widget\" data-e-type=\"widget\" data-widget_type=\"icon-list.default\">\n\t\t\t\t<div class=\"elementor-widget-container\">\n\t\t\t\t\t\t\t<ul class=\"elementor-icon-list-items elementor-inline-items\">\n\t\t\t\t\t\t\t<li class=\"elementor-icon-list-item elementor-inline-item\">\n\t\t\t\t\t\t\t\t\t\t\t<span class=\"elementor-icon-list-icon\">\n\t\t\t\t\t\t\t<i aria-hidden=\"true\" class=\"jki jki-phone-line\"><\/i>\t\t\t\t\t\t<\/span>\n\t\t\t\t\t\t\t\t\t\t<span class=\"elementor-icon-list-text\">663 762 802<\/span>\n\t\t\t\t\t\t\t\t\t<\/li>\n\t\t\t\t\t\t\t\t<li class=\"elementor-icon-list-item elementor-inline-item\">\n\t\t\t\t\t\t\t\t\t\t\t<span class=\"elementor-icon-list-icon\">\n\t\t\t\t\t\t\t<i aria-hidden=\"true\" class=\"jki jki-envelope2-light\"><\/i>\t\t\t\t\t\t<\/span>\n\t\t\t\t\t\t\t\t\t\t<span class=\"elementor-icon-list-text\">info@fugitivosroomescape.com<\/span>\n\t\t\t\t\t\t\t\t\t<\/li>\n\t\t\t\t\t\t<\/ul>\n\t\t\t\t\t\t<\/div>\n\t\t\t\t<\/div>\n\t\t\t\t\t<\/div>\n\t\t<\/div>\n\t\t\t\t\t<\/div>\n\t\t<\/section>\n\t\t\t\t<\/div>\n\t\t","protected":false},"excerpt":{"rendered":"<p>Franqu\u00edcies Vols muntar el teu propi Escape Room?Necessites ajuda en alguna de les fases de creaci\u00f3 del teu projecte?T&#8217;interessa muntar una franqu\u00edcia de Fugitivos Room Escape a Espanya? Podem ajudar-te a crear el teu negoci, contacta&#8217;ns, no dubtis. A m\u00e9s, disposem d&#8217;una \u00e0mplia cartera de professionals aix\u00ed com de nombrosos contactes al sector. 663 762 [&hellip;]<\/p>\n","protected":false},"author":1,"featured_media":0,"parent":0,"menu_order":0,"comment_status":"closed","ping_status":"closed","template":"elementor_header_footer","meta":{"footnotes":""},"class_list":["post-1202","page","type-page","status-publish","hentry"],"_links":{"self":[{"href":"https:\/\/fugitivosroomescape.com\/ca\/wp-json\/wp\/v2\/pages\/1202","targetHints":{"allow":["GET"]}}],"collection":[{"href":"https:\/\/fugitivosroomescape.com\/ca\/wp-json\/wp\/v2\/pages"}],"about":[{"href":"https:\/\/fugitivosroomescape.com\/ca\/wp-json\/wp\/v2\/types\/page"}],"author":[{"embeddable":true,"href":"https:\/\/fugitivosroomescape.com\/ca\/wp-json\/wp\/v2\/users\/1"}],"replies":[{"embeddable":true,"href":"https:\/\/fugitivosroomescape.com\/ca\/wp-json\/wp\/v2\/comments?post=1202"}],"version-history":[{"count":1,"href":"https:\/\/fugitivosroomescape.com\/ca\/wp-json\/wp\/v2\/pages\/1202\/revisions"}],"predecessor-version":[{"id":1203,"href":"https:\/\/fugitivosroomescape.com\/ca\/wp-json\/wp\/v2\/pages\/1202\/revisions\/1203"}],"wp:attachment":[{"href":"https:\/\/fugitivosroomescape.com\/ca\/wp-json\/wp\/v2\/media?parent=1202"}],"curies":[{"name":"wp","href":"https:\/\/api.w.org\/{rel}","templated":true}]}}